{"id":1133,"date":"2020-08-20T04:01:52","date_gmt":"2020-08-20T04:01:52","guid":{"rendered":"http:\/\/ninzio.com\/byron\/?page_id=1133"},"modified":"2023-12-18T11:49:58","modified_gmt":"2023-12-18T11:49:58","slug":"clauhome-services","status":"publish","type":"page","link":"https:\/\/clauhomeservices.com\/?page_id=1133","title":{"rendered":"Equipo"},"content":{"rendered":"\t\t<div data-elementor-type=\"wp-page\" data-elementor-id=\"1133\" class=\"elementor elementor-1133\">\n\t\t\t\t\t\t\t\t\t<section data-particle_enable=\"false\" data-particle-mobile-disabled=\"false\" class=\"elementor-section elementor-top-section elementor-element elementor-element-cd5ad33 elementor-section-boxed elementor-section-height-default elementor-section-height-default\" data-id=\"cd5ad33\" data-element_type=\"section\">\n\t\t\t\t\t\t<div class=\"elementor-container elementor-column-gap-default\">\n\t\t\t\t\t<div class=\"elementor-column elementor-col-100 elementor-top-column elementor-element elementor-element-7ebbcbd\" data-id=\"7ebbcbd\" data-element_type=\"column\">\n\t\t\t<div class=\"elementor-widget-wrap elementor-element-populated\">\n\t\t\t\t\t\t\t\t<div class=\"elementor-element elementor-element-9ab3325 elementor-widget elementor-widget-spacer\" data-id=\"9ab3325\" data-element_type=\"widget\" data-widget_type=\"spacer.default\">\n\t\t\t\t<div class=\"elementor-widget-container\">\n\t\t\t<style>\/*! elementor - v3.16.0 - 20-09-2023 *\/\n.elementor-column .elementor-spacer-inner{height:var(--spacer-size)}.e-con{--container-widget-width:100%}.e-con-inner>.elementor-widget-spacer,.e-con>.elementor-widget-spacer{width:var(--container-widget-width,var(--spacer-size));--align-self:var(--container-widget-align-self,initial);--flex-shrink:0}.e-con-inner>.elementor-widget-spacer>.elementor-widget-container,.e-con>.elementor-widget-spacer>.elementor-widget-container{height:100%;width:100%}.e-con-inner>.elementor-widget-spacer>.elementor-widget-container>.elementor-spacer,.e-con>.elementor-widget-spacer>.elementor-widget-container>.elementor-spacer{height:100%}.e-con-inner>.elementor-widget-spacer>.elementor-widget-container>.elementor-spacer>.elementor-spacer-inner,.e-con>.elementor-widget-spacer>.elementor-widget-container>.elementor-spacer>.elementor-spacer-inner{height:var(--container-widget-height,var(--spacer-size))}.e-con-inner>.elementor-widget-spacer.elementor-widget-empty,.e-con>.elementor-widget-spacer.elementor-widget-empty{position:relative;min-height:22px;min-width:22px}.e-con-inner>.elementor-widget-spacer.elementor-widget-empty .elementor-widget-empty-icon,.e-con>.elementor-widget-spacer.elementor-widget-empty .elementor-widget-empty-icon{position:absolute;top:0;bottom:0;left:0;right:0;margin:auto;padding:0;width:22px;height:22px}<\/style>\t\t<div class=\"elementor-spacer\">\n\t\t\t<div class=\"elementor-spacer-inner\"><\/div>\n\t\t<\/div>\n\t\t\t\t<\/div>\n\t\t\t\t<\/div>\n\t\t\t\t\t<\/div>\n\t\t<\/div>\n\t\t\t\t\t\t\t<\/div>\n\t\t<\/section>\n\t\t\t\t<section data-particle_enable=\"false\" data-particle-mobile-disabled=\"false\" class=\"elementor-section elementor-top-section elementor-element elementor-element-2674014 elementor-section-content-middle elementor-section-boxed elementor-section-height-default elementor-section-height-default\" data-id=\"2674014\" data-element_type=\"section\">\n\t\t\t\t\t\t<div class=\"elementor-container elementor-column-gap-extended\">\n\t\t\t\t\t<div class=\"elementor-column elementor-col-50 elementor-top-column elementor-element elementor-element-c770cef\" data-id=\"c770cef\" data-element_type=\"column\">\n\t\t\t<div class=\"elementor-widget-wrap elementor-element-populated\">\n\t\t\t\t\t\t\t\t<div class=\"elementor-element elementor-element-8585841 elementor-widget elementor-widget-heading\" data-id=\"8585841\" data-element_type=\"widget\" data-widget_type=\"heading.default\">\n\t\t\t\t<div class=\"elementor-widget-container\">\n\t\t\t<style>\/*! elementor - v3.16.0 - 20-09-2023 *\/\n.elementor-heading-title{padding:0;margin:0;line-height:1}.elementor-widget-heading .elementor-heading-title[class*=elementor-size-]>a{color:inherit;font-size:inherit;line-height:inherit}.elementor-widget-heading .elementor-heading-title.elementor-size-small{font-size:15px}.elementor-widget-heading .elementor-heading-title.elementor-size-medium{font-size:19px}.elementor-widget-heading .elementor-heading-title.elementor-size-large{font-size:29px}.elementor-widget-heading .elementor-heading-title.elementor-size-xl{font-size:39px}.elementor-widget-heading .elementor-heading-title.elementor-size-xxl{font-size:59px}<\/style><h1 class=\"elementor-heading-title elementor-size-large\">Equipo comprometido, expertos en Limpieza y Mantenimiento en Tenerife<br><\/h1>\t\t<\/div>\n\t\t\t\t<\/div>\n\t\t\t\t<div class=\"elementor-element elementor-element-fd76568 align-left elementor-widget elementor-widget-mae-headings\" data-id=\"fd76568\" data-element_type=\"widget\" data-widget_type=\"mae-headings.default\">\n\t\t\t\t<div class=\"elementor-widget-container\">\n\t\t\t\t\t<div class=\"master-heading\">\n\t        \n\t        \n\t        \t        <div class=\"divider\"><\/div>\n\t        \n\t        \t            <div class=\"sub-heading\">Empresa l\u00edder en servicios de mantenimiento integral, compuesta por un equipo humano altamente cualificado y dotado de una estructura moderna y avanzada que le permite atender m\u00faltiples necesidades de mantenimiento de una forma integral y econ\u00f3mica, tanto en edificaci\u00f3n civil como industrial.<\/div>\n\t        \t    <\/div>\n\t    \t\t<\/div>\n\t\t\t\t<\/div>\n\t\t\t\t<div class=\"elementor-element elementor-element-97bbf34 align-left elementor-widget elementor-widget-mae-headings\" data-id=\"97bbf34\" data-element_type=\"widget\" data-widget_type=\"mae-headings.default\">\n\t\t\t\t<div class=\"elementor-widget-container\">\n\t\t\t\t\t<div class=\"master-heading\">\n\t        \n\t        \n\t        \n\t        \t            <div class=\"sub-heading\">Entendemos que los profesionales que trabajan para nuestros clientes han de ser los m\u00e1s cualificados dentro de cada uno de los servicios que trabajamos, por ello, disponemos de un grupo de profesionales altamente especializados en cada uno de los servicios que ofrecemos. <\/div>\n\t        \t    <\/div>\n\t    \t\t<\/div>\n\t\t\t\t<\/div>\n\t\t\t\t<div class=\"elementor-element elementor-element-336698e align-left elementor-widget elementor-widget-mae-headings\" data-id=\"336698e\" data-element_type=\"widget\" data-widget_type=\"mae-headings.default\">\n\t\t\t\t<div class=\"elementor-widget-container\">\n\t\t\t\t\t<div class=\"master-heading\">\n\t        \n\t        \n\t        \n\t        \t            <div class=\"sub-heading\"> Ello nos permite dar la mayor garant\u00eda de \u00e9xito y satisfacci\u00f3n en todos nuestros trabajos, consiguiendo que el cliente se sienta m\u00e1s c\u00f3modo y seguro.\n\nCreemos en la especializaci\u00f3n y creemos en la formaci\u00f3n constante. Por ello disponemos de un equipo donde cada profesional est\u00e1 especializado en un \u00e1rea y desarrolla una formaci\u00f3n continua, lo que permite dar al cliente mayor seguridad y un valor de innovaci\u00f3n constante en todos los trabajos, aplicando las \u00faltimas t\u00e9cnicas y tecnolog\u00edas.<\/div>\n\t        \t    <\/div>\n\t    \t\t<\/div>\n\t\t\t\t<\/div>\n\t\t\t\t<div class=\"elementor-element elementor-element-9d20b38 align-left elementor-widget elementor-widget-mae-button\" data-id=\"9d20b38\" data-element_type=\"widget\" data-widget_type=\"mae-button.default\">\n\t\t\t\t<div class=\"elementor-widget-container\">\n\t\t\t\n        <a class=\"master-button btn-accent icon-none extra-small\" href=\"https:\/\/clauhomeservices.com\/?page_id=1169\" >\n                        <span>Contacto<\/span>\n                    <\/a>\n\n        \t\t<\/div>\n\t\t\t\t<\/div>\n\t\t\t\t\t<\/div>\n\t\t<\/div>\n\t\t\t\t<div class=\"elementor-column elementor-col-50 elementor-top-column elementor-element elementor-element-9a8be8f\" data-id=\"9a8be8f\" data-element_type=\"column\">\n\t\t\t<div class=\"elementor-widget-wrap elementor-element-populated\">\n\t\t\t\t\t\t\t\t<div class=\"elementor-element elementor-element-c23d503 elementor-widget elementor-widget-mae-parallax-image\" data-id=\"c23d503\" data-element_type=\"widget\" data-widget_type=\"mae-parallax-image.default\">\n\t\t\t\t<div class=\"elementor-widget-container\">\n\t\t\t\t\t<div class=\"master-parallax-box\">\n\t\t\t<div class=\"parallax-wrap\">\n\t\t\t\t\t\t\t\t\t<div class=\"master-parallax-item elementor-repeater-item-9e2ec66\" style=\"\" data-parallax='{\"x\" : -50, \"y\" : 0, \"smoothness\" : 30}' data-top=\"0px\"><img decoding=\"async\" src=\"https:\/\/clauhomeservices.com\/wp-content\/uploads\/2023\/06\/2023-06-01_11-09-52.png\" alt=\"\"><\/div>\t\t\t\t\t\t\t\t\t<div class=\"master-parallax-item elementor-repeater-item-7bde655\" style=\"\" data-parallax='{\"x\" : -50, \"y\" : 0, \"smoothness\" : 30}' data-top=\"-200px\"><img decoding=\"async\" src=\"https:\/\/clauhomeservices.com\/wp-content\/uploads\/2023\/06\/2023-06-01_11-01-48.png\" alt=\"\"><\/div>\t\t\t\t\t\t\t\t\t<div class=\"master-parallax-item elementor-repeater-item-20e363a\" style=\"\" data-parallax='{\"x\" : 50, \"y\" : 0, \"smoothness\" : 30}' data-top=\"50px\"><img decoding=\"async\" src=\"https:\/\/clauhomeservices.com\/wp-content\/uploads\/2023\/06\/2023-06-01_11-12-34.png\" alt=\"\"><\/div>\t\t\t\t\t\t\t\t\t<div class=\"master-parallax-item elementor-repeater-item-f6183e2\" style=\"\" data-parallax='{\"x\" : 50, \"y\" : 0, \"smoothness\" : 30}' data-top=\"250px\"><img decoding=\"async\" src=\"https:\/\/clauhomeservices.com\/wp-content\/uploads\/2023\/06\/2023-06-01_11-03-08.png\" alt=\"\"><\/div>\t\t\t\t\t\t\t<\/div>\n\t\t<\/div>\n\t    \t\t<\/div>\n\t\t\t\t<\/div>\n\t\t\t\t\t<\/div>\n\t\t<\/div>\n\t\t\t\t\t\t\t<\/div>\n\t\t<\/section>\n\t\t\t\t\t\t\t<\/div>\n\t\t","protected":false},"excerpt":{"rendered":"<p>Equipo comprometido, expertos en Limpieza y Mantenimiento en Tenerife Empresa l\u00edder en servicios de mantenimiento integral, compuesta por un equipo humano altamente cualificado y dotado de una estructura moderna y avanzada que le permite atender m\u00faltiples necesidades de mantenimiento de una forma integral y econ\u00f3mica, tanto en<\/p>\n","protected":false},"author":1,"featured_media":2440,"parent":0,"menu_order":0,"comment_status":"closed","ping_status":"closed","template":"","meta":{"footnotes":""},"class_list":["post-1133","page","type-page","status-publish","has-post-thumbnail","hentry"],"yoast_head":"<!-- This site is optimized with the Yoast SEO Premium plugin v20.5 (Yoast SEO v21.5) - https:\/\/yoast.com\/wordpress\/plugins\/seo\/ -->\n<title>Equipo - clauhomeservices Expertos en Limpieza y Mantenimiento en Tenerife<\/title>\n<meta name=\"description\" content=\"Descubre qui\u00e9nes conforman el equipo de Clauhome Services, apasionados por brindar servicios de limpieza y mantenimiento de alta calidad. Conoce a nuestros profesionales y su compromiso con la excelencia en cada proyecto. \u00a1Estamos aqu\u00ed para cuidar tus espacios! clauhomeservices Equipo -\" \/>\n<meta name=\"robots\" content=\"index, follow, max-snippet:-1, max-image-preview:large, max-video-preview:-1\" \/>\n<link rel=\"canonical\" href=\"https:\/\/clauhomeservices.com\/?page_id=1133\" \/>\n<meta property=\"og:locale\" content=\"es_ES\" \/>\n<meta property=\"og:type\" content=\"article\" \/>\n<meta property=\"og:title\" content=\"Equipo\" \/>\n<meta property=\"og:description\" content=\"Descubre qui\u00e9nes conforman el equipo de Clauhome Services, apasionados por brindar servicios de limpieza y mantenimiento de alta calidad. Conoce a nuestros profesionales y su compromiso con la excelencia en cada proyecto. \u00a1Estamos aqu\u00ed para cuidar tus espacios! clauhomeservices Equipo -\" \/>\n<meta property=\"og:url\" content=\"https:\/\/clauhomeservices.com\/?page_id=1133\" \/>\n<meta property=\"og:site_name\" content=\"clauhomeservices\" \/>\n<meta property=\"article:publisher\" content=\"https:\/\/www.facebook.com\/clauhomeservices\" \/>\n<meta property=\"article:modified_time\" content=\"2023-12-18T11:49:58+00:00\" \/>\n<meta property=\"og:image\" content=\"https:\/\/clauhomeservices.com\/wp-content\/uploads\/2023\/09\/Banner-web-clauhome-services-e1695983296931.jpg\" \/>\n\t<meta property=\"og:image:width\" content=\"1000\" \/>\n\t<meta property=\"og:image:height\" content=\"416\" \/>\n\t<meta property=\"og:image:type\" content=\"image\/jpeg\" \/>\n<meta name=\"twitter:card\" content=\"summary_large_image\" \/>\n<meta name=\"twitter:label1\" content=\"Tiempo de lectura\" \/>\n\t<meta name=\"twitter:data1\" content=\"2 minutos\" \/>\n<script type=\"application\/ld+json\" class=\"yoast-schema-graph\">{\"@context\":\"https:\/\/schema.org\",\"@graph\":[{\"@type\":\"WebPage\",\"@id\":\"https:\/\/clauhomeservices.com\/?page_id=1133\",\"url\":\"https:\/\/clauhomeservices.com\/?page_id=1133\",\"name\":\"Equipo - clauhomeservices Expertos en Limpieza y Mantenimiento en Tenerife\",\"isPartOf\":{\"@id\":\"https:\/\/clauhomeservices.com\/#website\"},\"datePublished\":\"2020-08-20T04:01:52+00:00\",\"dateModified\":\"2023-12-18T11:49:58+00:00\",\"description\":\"Descubre qui\u00e9nes conforman el equipo de Clauhome Services, apasionados por brindar servicios de limpieza y mantenimiento de alta calidad. Conoce a nuestros profesionales y su compromiso con la excelencia en cada proyecto. \u00a1Estamos aqu\u00ed para cuidar tus espacios! clauhomeservices Equipo -\",\"breadcrumb\":{\"@id\":\"https:\/\/clauhomeservices.com\/?page_id=1133#breadcrumb\"},\"inLanguage\":\"es\",\"potentialAction\":[{\"@type\":\"ReadAction\",\"target\":[\"https:\/\/clauhomeservices.com\/?page_id=1133\"]}]},{\"@type\":\"BreadcrumbList\",\"@id\":\"https:\/\/clauhomeservices.com\/?page_id=1133#breadcrumb\",\"itemListElement\":[{\"@type\":\"ListItem\",\"position\":1,\"name\":\"Portada\",\"item\":\"https:\/\/clauhomeservices.com\/\"},{\"@type\":\"ListItem\",\"position\":2,\"name\":\"Equipo\"}]},{\"@type\":\"WebSite\",\"@id\":\"https:\/\/clauhomeservices.com\/#website\",\"url\":\"https:\/\/clauhomeservices.com\/\",\"name\":\"clauhomeservices\",\"description\":\"\",\"publisher\":{\"@id\":\"https:\/\/clauhomeservices.com\/#organization\"},\"potentialAction\":[{\"@type\":\"SearchAction\",\"target\":{\"@type\":\"EntryPoint\",\"urlTemplate\":\"https:\/\/clauhomeservices.com\/?s={search_term_string}\"},\"query-input\":\"required name=search_term_string\"}],\"inLanguage\":\"es\"},{\"@type\":\"Organization\",\"@id\":\"https:\/\/clauhomeservices.com\/#organization\",\"name\":\"clauhomeservices\",\"url\":\"https:\/\/clauhomeservices.com\/\",\"logo\":{\"@type\":\"ImageObject\",\"inLanguage\":\"es\",\"@id\":\"https:\/\/clauhomeservices.com\/#\/schema\/logo\/image\/\",\"url\":\"https:\/\/clauhomeservices.com\/wp-content\/uploads\/2023\/09\/CLAUHOME-LOGO-e1695900031985.png\",\"contentUrl\":\"https:\/\/clauhomeservices.com\/wp-content\/uploads\/2023\/09\/CLAUHOME-LOGO-e1695900031985.png\",\"width\":1422,\"height\":732,\"caption\":\"clauhomeservices\"},\"image\":{\"@id\":\"https:\/\/clauhomeservices.com\/#\/schema\/logo\/image\/\"},\"sameAs\":[\"https:\/\/www.facebook.com\/clauhomeservices\",\"https:\/\/www.instagram.com\/clauhome__\"]}]}<\/script>\n<!-- \/ Yoast SEO Premium plugin. -->","yoast_head_json":{"title":"Equipo - clauhomeservices Expertos en Limpieza y Mantenimiento en Tenerife","description":"Descubre qui\u00e9nes conforman el equipo de Clauhome Services, apasionados por brindar servicios de limpieza y mantenimiento de alta calidad. Conoce a nuestros profesionales y su compromiso con la excelencia en cada proyecto. \u00a1Estamos aqu\u00ed para cuidar tus espacios! clauhomeservices Equipo -","robots":{"index":"index","follow":"follow","max-snippet":"max-snippet:-1","max-image-preview":"max-image-preview:large","max-video-preview":"max-video-preview:-1"},"canonical":"https:\/\/clauhomeservices.com\/?page_id=1133","og_locale":"es_ES","og_type":"article","og_title":"Equipo","og_description":"Descubre qui\u00e9nes conforman el equipo de Clauhome Services, apasionados por brindar servicios de limpieza y mantenimiento de alta calidad. Conoce a nuestros profesionales y su compromiso con la excelencia en cada proyecto. \u00a1Estamos aqu\u00ed para cuidar tus espacios! clauhomeservices Equipo -","og_url":"https:\/\/clauhomeservices.com\/?page_id=1133","og_site_name":"clauhomeservices","article_publisher":"https:\/\/www.facebook.com\/clauhomeservices","article_modified_time":"2023-12-18T11:49:58+00:00","og_image":[{"width":1000,"height":416,"url":"https:\/\/clauhomeservices.com\/wp-content\/uploads\/2023\/09\/Banner-web-clauhome-services-e1695983296931.jpg","type":"image\/jpeg"}],"twitter_card":"summary_large_image","twitter_misc":{"Tiempo de lectura":"2 minutos"},"schema":{"@context":"https:\/\/schema.org","@graph":[{"@type":"WebPage","@id":"https:\/\/clauhomeservices.com\/?page_id=1133","url":"https:\/\/clauhomeservices.com\/?page_id=1133","name":"Equipo - clauhomeservices Expertos en Limpieza y Mantenimiento en Tenerife","isPartOf":{"@id":"https:\/\/clauhomeservices.com\/#website"},"datePublished":"2020-08-20T04:01:52+00:00","dateModified":"2023-12-18T11:49:58+00:00","description":"Descubre qui\u00e9nes conforman el equipo de Clauhome Services, apasionados por brindar servicios de limpieza y mantenimiento de alta calidad. Conoce a nuestros profesionales y su compromiso con la excelencia en cada proyecto. \u00a1Estamos aqu\u00ed para cuidar tus espacios! clauhomeservices Equipo -","breadcrumb":{"@id":"https:\/\/clauhomeservices.com\/?page_id=1133#breadcrumb"},"inLanguage":"es","potentialAction":[{"@type":"ReadAction","target":["https:\/\/clauhomeservices.com\/?page_id=1133"]}]},{"@type":"BreadcrumbList","@id":"https:\/\/clauhomeservices.com\/?page_id=1133#breadcrumb","itemListElement":[{"@type":"ListItem","position":1,"name":"Portada","item":"https:\/\/clauhomeservices.com\/"},{"@type":"ListItem","position":2,"name":"Equipo"}]},{"@type":"WebSite","@id":"https:\/\/clauhomeservices.com\/#website","url":"https:\/\/clauhomeservices.com\/","name":"clauhomeservices","description":"","publisher":{"@id":"https:\/\/clauhomeservices.com\/#organization"},"potentialAction":[{"@type":"SearchAction","target":{"@type":"EntryPoint","urlTemplate":"https:\/\/clauhomeservices.com\/?s={search_term_string}"},"query-input":"required name=search_term_string"}],"inLanguage":"es"},{"@type":"Organization","@id":"https:\/\/clauhomeservices.com\/#organization","name":"clauhomeservices","url":"https:\/\/clauhomeservices.com\/","logo":{"@type":"ImageObject","inLanguage":"es","@id":"https:\/\/clauhomeservices.com\/#\/schema\/logo\/image\/","url":"https:\/\/clauhomeservices.com\/wp-content\/uploads\/2023\/09\/CLAUHOME-LOGO-e1695900031985.png","contentUrl":"https:\/\/clauhomeservices.com\/wp-content\/uploads\/2023\/09\/CLAUHOME-LOGO-e1695900031985.png","width":1422,"height":732,"caption":"clauhomeservices"},"image":{"@id":"https:\/\/clauhomeservices.com\/#\/schema\/logo\/image\/"},"sameAs":["https:\/\/www.facebook.com\/clauhomeservices","https:\/\/www.instagram.com\/clauhome__"]}]}},"_links":{"self":[{"href":"https:\/\/clauhomeservices.com\/index.php?rest_route=\/wp\/v2\/pages\/1133","targetHints":{"allow":["GET"]}}],"collection":[{"href":"https:\/\/clauhomeservices.com\/index.php?rest_route=\/wp\/v2\/pages"}],"about":[{"href":"https:\/\/clauhomeservices.com\/index.php?rest_route=\/wp\/v2\/types\/page"}],"author":[{"embeddable":true,"href":"https:\/\/clauhomeservices.com\/index.php?rest_route=\/wp\/v2\/users\/1"}],"replies":[{"embeddable":true,"href":"https:\/\/clauhomeservices.com\/index.php?rest_route=%2Fwp%2Fv2%2Fcomments&post=1133"}],"version-history":[{"count":17,"href":"https:\/\/clauhomeservices.com\/index.php?rest_route=\/wp\/v2\/pages\/1133\/revisions"}],"predecessor-version":[{"id":2587,"href":"https:\/\/clauhomeservices.com\/index.php?rest_route=\/wp\/v2\/pages\/1133\/revisions\/2587"}],"wp:featuredmedia":[{"embeddable":true,"href":"https:\/\/clauhomeservices.com\/index.php?rest_route=\/wp\/v2\/media\/2440"}],"wp:attachment":[{"href":"https:\/\/clauhomeservices.com\/index.php?rest_route=%2Fwp%2Fv2%2Fmedia&parent=1133"}],"curies":[{"name":"wp","href":"https:\/\/api.w.org\/{rel}","templated":true}]}}